{"id":305,"date":"2022-08-03T11:00:32","date_gmt":"2022-08-03T11:00:32","guid":{"rendered":"https:\/\/www.elektro-leichtweiss.de\/?page_id=305"},"modified":"2022-11-21T08:20:32","modified_gmt":"2022-11-21T08:20:32","slug":"elektrotechnik","status":"publish","type":"page","link":"https:\/\/www.elektro-leichtweiss.de\/index.php\/leistungen\/elektrotechnik\/","title":{"rendered":"Elektrotechnik"},"content":{"rendered":"<p>[et_pb_section fb_built=&#8220;1&#8243; admin_label=&#8220;Feature&#8220; _builder_version=&#8220;4.16&#8243; _module_preset=&#8220;default&#8220; background_enable_color=&#8220;off&#8220; custom_margin=&#8220;||-2px|||&#8220; global_colors_info=&#8220;{}&#8220;][et_pb_row column_structure=&#8220;3_5,2_5&#8243; _builder_version=&#8220;4.16&#8243; _module_preset=&#8220;default&#8220; custom_padding=&#8220;||1px|||&#8220; global_colors_info=&#8220;{}&#8220;][et_pb_column type=&#8220;3_5&#8243; _builder_version=&#8220;4.16&#8243; _module_preset=&#8220;default&#8220; global_colors_info=&#8220;{}&#8220;][et_pb_text _builder_version=&#8220;4.17.6&#8243; _module_preset=&#8220;default&#8220; header_font=&#8220;Oswald||||||||&#8220; header_text_color=&#8220;#000000&#8243; header_2_font=&#8220;Oswald|||on|||||&#8220; header_2_text_color=&#8220;#000000&#8243; header_2_font_size=&#8220;60px&#8220; custom_margin=&#8220;||||false|false&#8220; custom_padding=&#8220;||||false|false&#8220; header_2_font_size_tablet=&#8220;42px&#8220; header_2_font_size_phone=&#8220;30px&#8220; header_2_font_size_last_edited=&#8220;on|phone&#8220; header_2_line_height_tablet=&#8220;1.2em&#8220; header_2_line_height_phone=&#8220;&#8220; header_2_line_height_last_edited=&#8220;on|tablet&#8220; box_shadow_style=&#8220;preset4&#8243; box_shadow_horizontal=&#8220;-660px&#8220; box_shadow_vertical=&#8220;0px&#8220; box_shadow_color=&#8220;RGBA(0,0,0,0)&#8220; box_shadow_horizontal_tablet=&#8220;-83vw&#8220; box_shadow_horizontal_phone=&#8220;&#8220; box_shadow_horizontal_last_edited=&#8220;on|phone&#8220; locked=&#8220;off&#8220; global_colors_info=&#8220;{}&#8220;]<\/p>\n<h2>Elektrotechnik<\/h2>\n<p>[\/et_pb_text][et_pb_text _builder_version=&#8220;4.17.6&#8243; _module_preset=&#8220;default&#8220; text_font=&#8220;Oswald||||||||&#8220; text_font_size=&#8220;18px&#8220; text_line_height=&#8220;1.8em&#8220; custom_margin=&#8220;||6px|||&#8220; text_font_size_tablet=&#8220;&#8220; text_font_size_phone=&#8220;14px&#8220; text_font_size_last_edited=&#8220;on|phone&#8220; locked=&#8220;off&#8220; global_colors_info=&#8220;{}&#8220;]<\/p>\n<p>Ohne Strom funktioniert nichts.<br \/>Wir sind abh\u00e4ngig von Strom.<\/p>\n<p>Internet, Licht, K\u00fchlschrank, Toilettensp\u00fclung, Jalousie, Computer \u2013 dies sind nur einige Beispiele f\u00fcr Alltagsbegleiter, die Strom zum Betrieb ben\u00f6tigen.<\/p>\n<p>In der Industrie und im Gewerbe stehen ohne Strom Produktionsmaschinen und Computer still. Nichts geht mehr.<\/p>\n<p>Die Anforderungen an die Elektrotechnik steht h\u00e4ufig im Gegensatz zu den installierten Elektrok\u00e4sten aus den 50er Jahren. <span>Computer, Fernseher, Handyladekabel, Wasserkocher, Kaffeemaschine, K\u00fchlschrank oder Gefriertruhe, Dampfgarer, Waschmaschinen, Trockner und Geschirrsp\u00fcler sind aus vielen modernen Haushalten nicht mehr wegzudenken.\u00a0<\/span>Veraltete Stromleitungen bergen ein hohes Sicherheitsrisiko und sollten auf den neuesten Standard gebracht werden.<\/p>\n<p>Elektrotechnik ist ein traditionelles Handwerk verbunden mit neuen Technologien.<\/p>\n<p>&nbsp;<\/p>\n<p>[\/et_pb_text][\/et_pb_column][et_pb_column type=&#8220;2_5&#8243; _builder_version=&#8220;4.16&#8243; _module_preset=&#8220;default&#8220; global_colors_info=&#8220;{}&#8220;][et_pb_image src=&#8220;https:\/\/www.elektro-leichtweiss.de\/wp-content\/uploads\/2021\/02\/Elektroinstallation-SteckdoseElektro-Leichtweiss.jpg&#8220; title_text=&#8220;Elektroinstallation- SteckdoseElektro Leichtweiss&#8220; _builder_version=&#8220;4.17.6&#8243; _module_preset=&#8220;default&#8220; custom_margin=&#8220;|-10vw|-48px||false|false&#8220; custom_margin_tablet=&#8220;|0vw|0px||false|false&#8220; custom_margin_phone=&#8220;&#8220; custom_margin_last_edited=&#8220;on|tablet&#8220; custom_padding=&#8220;29px|||||&#8220; global_colors_info=&#8220;{}&#8220;][\/et_pb_image][\/et_pb_column][\/et_pb_row][et_pb_row column_structure=&#8220;3_5,2_5&#8243; _builder_version=&#8220;4.16&#8243; _module_preset=&#8220;default&#8220; global_colors_info=&#8220;{}&#8220;][et_pb_column type=&#8220;3_5&#8243; _builder_version=&#8220;4.16&#8243; _module_preset=&#8220;default&#8220; global_colors_info=&#8220;{}&#8220;][et_pb_text _builder_version=&#8220;4.17.6&#8243; _module_preset=&#8220;default&#8220; text_font=&#8220;Oswald||||||||&#8220; text_line_height=&#8220;1.8em&#8220; header_3_font_size=&#8220;28px&#8220; custom_margin=&#8220;3px|||||&#8220; text_font_size_tablet=&#8220;&#8220; text_font_size_phone=&#8220;14px&#8220; text_font_size_last_edited=&#8220;on|phone&#8220; locked=&#8220;off&#8220; global_colors_info=&#8220;{}&#8220;]<\/p>\n<h3>Unsere Leistungen<\/h3>\n<p>[\/et_pb_text][dsm_icon_list _builder_version=&#8220;4.17.6&#8243; _module_preset=&#8220;default&#8220; global_colors_info=&#8220;{}&#8220;][dsm_icon_list_child text=&#8220;Beratung &#038; Planung der Elektroinstallation im Privathaus, Gewerbe und Industrie&#8220; icon_color=&#8220;#000000&#8243; icon_padding=&#8220;20px&#8220; icon_font_size=&#8220;27px&#8220; _builder_version=&#8220;4.17.6&#8243; _module_preset=&#8220;default&#8220; text_font_size=&#8220;16px&#8220; global_colors_info=&#8220;{}&#8220;][\/dsm_icon_list_child][dsm_icon_list_child text=&#8220;Wartung &#038; Instandhaltung der gewerblichen Elektroanlagen&#8220; icon_color=&#8220;#000000&#8243; icon_padding=&#8220;20px&#8220; icon_font_size=&#8220;27px&#8220; _builder_version=&#8220;4.17.6&#8243; _module_preset=&#8220;default&#8220; text_font_size=&#8220;16px&#8220; global_colors_info=&#8220;{}&#8220;][\/dsm_icon_list_child][dsm_icon_list_child text=&#8220;Netzwerktechnik&#8220; icon_color=&#8220;#000000&#8243; icon_padding=&#8220;20px&#8220; icon_font_size=&#8220;27px&#8220; _builder_version=&#8220;4.17.6&#8243; _module_preset=&#8220;default&#8220; text_font_size=&#8220;16px&#8220; global_colors_info=&#8220;{}&#8220;][\/dsm_icon_list_child][dsm_icon_list_child text=&#8220;Komplexer Schaltschrankbau&#8220; icon_color=&#8220;#000000&#8243; icon_padding=&#8220;20px&#8220; icon_font_size=&#8220;27px&#8220; _builder_version=&#8220;4.17.6&#8243; _module_preset=&#8220;default&#8220; text_font_size=&#8220;16px&#8220; global_colors_info=&#8220;{}&#8220;][\/dsm_icon_list_child][dsm_icon_list_child text=&#8220;E-Check der Elektroanaschl\u00fcsse&#8220; icon_color=&#8220;#000000&#8243; icon_padding=&#8220;20px&#8220; icon_font_size=&#8220;27px&#8220; _builder_version=&#8220;4.17.6&#8243; _module_preset=&#8220;default&#8220; text_font_size=&#8220;16px&#8220; global_colors_info=&#8220;{}&#8220;][\/dsm_icon_list_child][dsm_icon_list_child text=&#8220;Smart Home-Anbindung&#8220; icon_color=&#8220;#000000&#8243; icon_padding=&#8220;20px&#8220; icon_font_size=&#8220;27px&#8220; _builder_version=&#8220;4.17.6&#8243; _module_preset=&#8220;default&#8220; text_font_size=&#8220;16px&#8220; global_colors_info=&#8220;{}&#8220;][\/dsm_icon_list_child][\/dsm_icon_list][et_pb_button button_url=&#8220;@ET-DC@eyJkeW5hbWljIjp0cnVlLCJjb250ZW50IjoicG9zdF9saW5rX3VybF9wYWdlIiwic2V0dGluZ3MiOnsicG9zdF9pZCI6IjY3In19@&#8220; button_text=&#8220;Jetzt E-Check vereinbaren&#8220; _builder_version=&#8220;4.18.0&#8243; _dynamic_attributes=&#8220;button_url&#8220; _module_preset=&#8220;default&#8220; custom_button=&#8220;on&#8220; button_bg_color=&#8220;#000000&#8243; global_colors_info=&#8220;{}&#8220;][\/et_pb_button][\/et_pb_column][et_pb_column type=&#8220;2_5&#8243; _builder_version=&#8220;4.16&#8243; _module_preset=&#8220;default&#8220; global_colors_info=&#8220;{}&#8220;][et_pb_image src=&#8220;https:\/\/www.elektro-leichtweiss.de\/wp-content\/uploads\/2021\/02\/Industrikelektrik-\u2013-SchaltschrankElektro-Leichtweiss.jpg&#8220; title_text=&#8220;Industrikelektrik \u2013 SchaltschrankElektro Leichtweiss&#8220; _builder_version=&#8220;4.17.6&#8243; _module_preset=&#8220;default&#8220; custom_margin=&#8220;|-10vw|-48px||false|false&#8220; custom_margin_tablet=&#8220;|0vw|0px||false|false&#8220; custom_margin_phone=&#8220;&#8220; custom_margin_last_edited=&#8220;on|tablet&#8220; custom_padding=&#8220;24px|||||&#8220; global_colors_info=&#8220;{}&#8220;][\/et_pb_image][\/et_pb_column][\/et_pb_row][\/et_pb_section][et_pb_section fb_built=&#8220;1&#8243; _builder_version=&#8220;4.17.6&#8243; _module_preset=&#8220;default&#8220; global_colors_info=&#8220;{}&#8220;][et_pb_row _builder_version=&#8220;4.17.6&#8243; _module_preset=&#8220;default&#8220; global_colors_info=&#8220;{}&#8220;][et_pb_column type=&#8220;4_4&#8243; _builder_version=&#8220;4.17.6&#8243; _module_preset=&#8220;default&#8220; global_colors_info=&#8220;{}&#8220;][dsm_masonry_gallery gallery_ids=&#8220;430,431,434,432,433,435&#8243; columns=&#8220;2&#8243; _builder_version=&#8220;4.17.6&#8243; _module_preset=&#8220;default&#8220; global_colors_info=&#8220;{}&#8220;][\/dsm_masonry_gallery][\/et_pb_column][\/et_pb_row][\/et_pb_section][et_pb_section fb_built=&#8220;1&#8243; specialty=&#8220;on&#8220; _builder_version=&#8220;4.16&#8243; _module_preset=&#8220;default&#8220; background_color=&#8220;#000000&#8243; global_colors_info=&#8220;{}&#8220;][et_pb_column type=&#8220;1_2&#8243; specialty_columns=&#8220;2&#8243; _builder_version=&#8220;4.16&#8243; custom_padding=&#8220;|||&#8220; global_colors_info=&#8220;{}&#8220; custom_padding__hover=&#8220;|||&#8220;][et_pb_row_inner _builder_version=&#8220;4.16&#8243; _module_preset=&#8220;default&#8220; background_enable_color=&#8220;off&#8220; width=&#8220;100%&#8220; global_colors_info=&#8220;{}&#8220;][et_pb_column_inner saved_specialty_column_type=&#8220;1_2&#8243; _builder_version=&#8220;4.16&#8243; _module_preset=&#8220;default&#8220; global_colors_info=&#8220;{}&#8220;][et_pb_text _builder_version=&#8220;4.16&#8243; _module_preset=&#8220;default&#8220; header_2_font=&#8220;Oswald|||on|||||&#8220; header_2_text_color=&#8220;#FFFFFF&#8220; header_2_font_size=&#8220;61px&#8220; background_color=&#8220;RGBA(0,0,0,0)&#8220; global_colors_info=&#8220;{}&#8220;]<\/p>\n<h2>Interesse?<br \/> Fragen?<\/h2>\n<p>[\/et_pb_text][\/et_pb_column_inner][\/et_pb_row_inner][\/et_pb_column][et_pb_column type=&#8220;1_2&#8243; _builder_version=&#8220;4.16&#8243; custom_padding=&#8220;|||&#8220; global_colors_info=&#8220;{}&#8220; custom_padding__hover=&#8220;|||&#8220;][et_pb_button button_url=&#8220;@ET-DC@eyJkeW5hbWljIjp0cnVlLCJjb250ZW50IjoicG9zdF9saW5rX3VybF9wYWdlIiwic2V0dGluZ3MiOnsicG9zdF9pZCI6IjY3In19@&#8220; button_text=&#8220;Der schnelle Draht zu Elektro Leichtweiss&#8220; _builder_version=&#8220;4.18.0&#8243; _dynamic_attributes=&#8220;button_url&#8220; _module_preset=&#8220;default&#8220; custom_button=&#8220;on&#8220; button_text_color=&#8220;#FFFFFF&#8220; global_colors_info=&#8220;{}&#8220;][\/et_pb_button][et_pb_social_media_follow _builder_version=&#8220;4.16&#8243; _module_preset=&#8220;default&#8220; global_colors_info=&#8220;{}&#8220; body_font_size_tablet=&#8220;20px&#8220; body_font_size_phone=&#8220;16px&#8220; body_font_size_last_edited=&#8220;on|phone&#8220; icon_color__hover_enabled=&#8220;on|hover&#8220; icon_color__hover=&#8220;#ea3900&#8243;][et_pb_social_media_follow_network social_network=&#8220;facebook&#8220; icon_color=&#8220;#ffffff&#8220; _builder_version=&#8220;4.16&#8243; _module_preset=&#8220;default&#8220; background_enable_color=&#8220;off&#8220; global_colors_info=&#8220;{}&#8220; follow_button=&#8220;off&#8220; url_new_window=&#8220;on&#8220;]facebook[\/et_pb_social_media_follow_network][et_pb_social_media_follow_network social_network=&#8220;linkedin&#8220; _builder_version=&#8220;4.16&#8243; _module_preset=&#8220;default&#8220; background_enable_color=&#8220;off&#8220; global_colors_info=&#8220;{}&#8220; follow_button=&#8220;off&#8220; url_new_window=&#8220;on&#8220;]linkedin[\/et_pb_social_media_follow_network][et_pb_social_media_follow_network social_network=&#8220;instagram&#8220; icon_color=&#8220;#FFFFFF&#8220; _builder_version=&#8220;4.16&#8243; _module_preset=&#8220;default&#8220; background_color=&#8220;RGBA(0,0,0,0)&#8220; background_enable_color=&#8220;on&#8220; global_colors_info=&#8220;{}&#8220; follow_button=&#8220;off&#8220; url_new_window=&#8220;on&#8220;]instagram[\/et_pb_social_media_follow_network][\/et_pb_social_media_follow][\/et_pb_column][\/et_pb_section][et_pb_section fb_built=&#8220;1&#8243; admin_label=&#8220;Call Footer Adresszeile Action&#8220; _builder_version=&#8220;4.8.2&#8243; _module_preset=&#8220;default&#8220; background_color=&#8220;#f3fa02&#8243; background_enable_color=&#8220;off&#8220; background_color_gradient_direction=&#8220;90deg&#8220; background_enable_image=&#8220;off&#8220; custom_margin=&#8220;0px||||false|false&#8220; custom_padding=&#8220;0px||0px||true|false&#8220; global_module=&#8220;74&#8243; saved_tabs=&#8220;all&#8220; global_colors_info=&#8220;{}&#8220;][et_pb_row column_structure=&#8220;2_5,3_5&#8243; custom_padding_last_edited=&#8220;on|phone&#8220; _builder_version=&#8220;4.16&#8243; _module_preset=&#8220;default&#8220; background_color=&#8220;#FFFFFF&#8220; custom_margin=&#8220;-18px|auto|24px|auto||&#8220; custom_padding=&#8220;60px||0px|50px|false|false&#8220; custom_padding_tablet=&#8220;30px|30px|30px|30px|true|true&#8220; custom_padding_phone=&#8220;|20px||20px|true|true&#8220; border_color_all=&#8220;#FFFFFF&#8220; box_shadow_style=&#8220;preset4&#8243; box_shadow_horizontal=&#8220;30vw&#8220; box_shadow_vertical=&#8220;0px&#8220; box_shadow_color=&#8220;#FFFFFF&#8220; global_colors_info=&#8220;{}&#8220;][et_pb_column type=&#8220;2_5&#8243; _builder_version=&#8220;4.16&#8243; _module_preset=&#8220;default&#8220; global_colors_info=&#8220;{}&#8220;][et_pb_image src=&#8220;https:\/\/www.elektro-leichtweiss.de\/wp-content\/uploads\/2021\/02\/cropped-Elektro-Leichtweiss.png&#8220; title_text=&#8220;cropped-Elektro-Leichtweiss.png&#8220; _builder_version=&#8220;4.16&#8243; _module_preset=&#8220;default&#8220; min_height=&#8220;342px&#8220; custom_padding=&#8220;||0px|||&#8220; global_colors_info=&#8220;{}&#8220;][\/et_pb_image][\/et_pb_column][et_pb_column type=&#8220;3_5&#8243; _builder_version=&#8220;4.16&#8243; _module_preset=&#8220;default&#8220; global_colors_info=&#8220;{}&#8220;][et_pb_text _builder_version=&#8220;4.17.6&#8243; _module_preset=&#8220;default&#8220; header_2_font=&#8220;Oswald||||||||&#8220; header_2_text_color=&#8220;#000000&#8243; header_2_font_size=&#8220;55px&#8220; background_layout=&#8220;dark&#8220; max_width=&#8220;620px&#8220; custom_margin=&#8220;||1px|||&#8220; header_2_font_size_tablet=&#8220;42px&#8220; header_2_font_size_phone=&#8220;30px&#8220; header_2_font_size_last_edited=&#8220;on|phone&#8220; header_2_line_height_tablet=&#8220;1.2em&#8220; header_2_line_height_phone=&#8220;&#8220; header_2_line_height_last_edited=&#8220;on|tablet&#8220; global_colors_info=&#8220;{}&#8220;]<\/p>\n<h2>Elektro Leichtweiss<\/h2>\n<p>[\/et_pb_text][et_pb_text _builder_version=&#8220;4.16&#8243; _module_preset=&#8220;default&#8220; header_2_font=&#8220;Oswald||||||||&#8220; header_2_text_color=&#8220;#000000&#8243; header_2_font_size=&#8220;55px&#8220; header_3_font=&#8220;Oswald||||||||&#8220; header_3_text_align=&#8220;left&#8220; header_3_text_color=&#8220;#000000&#8243; background_layout=&#8220;dark&#8220; max_width=&#8220;620px&#8220; header_2_font_size_tablet=&#8220;42px&#8220; header_2_font_size_phone=&#8220;30px&#8220; header_2_font_size_last_edited=&#8220;on|phone&#8220; header_2_line_height_tablet=&#8220;1.2em&#8220; header_2_line_height_phone=&#8220;&#8220; header_2_line_height_last_edited=&#8220;on|tablet&#8220; global_colors_info=&#8220;{}&#8220;]<\/p>\n<h3>GmbH &amp; Co. KG<\/h3>\n<p>[\/et_pb_text][et_pb_text _builder_version=&#8220;4.16&#8243; _module_preset=&#8220;default&#8220; header_2_font=&#8220;Oswald||||||||&#8220; header_2_text_color=&#8220;#000000&#8243; header_2_font_size=&#8220;55px&#8220; header_3_font=&#8220;Oswald||||||||&#8220; header_3_text_align=&#8220;left&#8220; header_3_text_color=&#8220;#000000&#8243; header_4_font=&#8220;Oswald||||||||&#8220; header_4_text_color=&#8220;#000000&#8243; header_4_line_height=&#8220;1.6em&#8220; background_layout=&#8220;dark&#8220; max_width=&#8220;620px&#8220; header_2_font_size_tablet=&#8220;42px&#8220; header_2_font_size_phone=&#8220;30px&#8220; header_2_font_size_last_edited=&#8220;on|phone&#8220; header_2_line_height_tablet=&#8220;1.2em&#8220; header_2_line_height_phone=&#8220;&#8220; header_2_line_height_last_edited=&#8220;on|tablet&#8220; global_colors_info=&#8220;{}&#8220;]<\/p>\n<h4><span xml:lang=\"de-de\" lang=\"de-de\">Geschaftsf\u00fchrer: Alexander Mitzich<\/span><span xml:lang=\"de\" lang=\"de\"><\/span><span xml:lang=\"de-de\" lang=\"de-de\"><br \/><\/span><span xml:lang=\"de\" lang=\"de\"><\/span><span xml:lang=\"de\" lang=\"de\"><\/span><span xml:lang=\"de\" lang=\"de\"><\/span><span xml:lang=\"de-de\" lang=\"de-de\">Hans-B\u00f6ckler-Stra\u00dfe 2A<\/span><span xml:lang=\"de-de\" lang=\"de-de\"><br \/><\/span><span xml:lang=\"de\" lang=\"de\"><\/span><span xml:lang=\"de\" lang=\"de\"><\/span><span xml:lang=\"de\" lang=\"de\"><\/span><span xml:lang=\"de-de\" lang=\"de-de\">32107 Bad Salzuflen<\/span><\/h4>\n<p>[\/et_pb_text][\/et_pb_column][\/et_pb_row][\/et_pb_section][et_pb_section fb_built=&#8220;1&#8243; admin_label=&#8220;Footer Kontaktzeile&#8220; _builder_version=&#8220;4.6.3&#8243; _module_preset=&#8220;default&#8220; background_color=&#8220;#000000&#8243; custom_margin=&#8220;-31px|||||&#8220; custom_padding=&#8220;49px|||||&#8220; global_module=&#8220;72&#8243; saved_tabs=&#8220;all&#8220; global_colors_info=&#8220;{}&#8220;][et_pb_row column_structure=&#8220;1_3,1_3,1_3&#8243; _builder_version=&#8220;4.16&#8243; _module_preset=&#8220;default&#8220; global_colors_info=&#8220;{}&#8220;][et_pb_column type=&#8220;1_3&#8243; _builder_version=&#8220;4.16&#8243; _module_preset=&#8220;default&#8220; global_colors_info=&#8220;{}&#8220;][et_pb_text _builder_version=&#8220;4.16&#8243; _module_preset=&#8220;default&#8220; text_font=&#8220;Oswald||||||||&#8220; text_text_color=&#8220;#f3fa02&#8243; text_font_size=&#8220;25px&#8220; text_letter_spacing=&#8220;0.05em&#8220; text_line_height=&#8220;1.2em&#8220; link_text_color=&#8220;#ffffff&#8220; header_3_font=&#8220;Oswald|||on|||||&#8220; header_3_text_color=&#8220;rgba(255,255,255,0.48)&#8220; text_font_size_tablet=&#8220;30px&#8220; text_font_size_phone=&#8220;22px&#8220; text_font_size_last_edited=&#8220;on|tablet&#8220; global_colors_info=&#8220;{}&#8220;]<\/p>\n<h3>Telefon<\/h3>\n<p><a href=\"#\">05222 366 510 <\/a><\/p>\n<p>[\/et_pb_text][et_pb_text _builder_version=&#8220;4.16&#8243; _module_preset=&#8220;default&#8220; text_font=&#8220;Oswald||||||||&#8220; text_text_color=&#8220;#f3fa02&#8243; text_font_size=&#8220;40px&#8220; text_letter_spacing=&#8220;0.05em&#8220; text_line_height=&#8220;1.2em&#8220; link_text_color=&#8220;#ea3900&#8243; header_font=&#8220;Oswald||||||||&#8220; header_3_font=&#8220;Oswald|||on|||||&#8220; header_3_text_color=&#8220;rgba(255,255,255,0.48)&#8220; text_font_size_tablet=&#8220;30px&#8220; text_font_size_phone=&#8220;22px&#8220; text_font_size_last_edited=&#8220;on|tablet&#8220; global_colors_info=&#8220;{}&#8220;]<\/p>\n<h3>E-Mail<\/h3>\n<p>info(at)elektro-leichtweiss.de<\/p>\n<p>[\/et_pb_text][et_pb_social_media_follow _builder_version=&#8220;4.17.6&#8243; _module_preset=&#8220;default&#8220; global_colors_info=&#8220;{}&#8220; body_font_size_tablet=&#8220;20px&#8220; body_font_size_phone=&#8220;16px&#8220; body_font_size_last_edited=&#8220;on|phone&#8220; icon_color__hover_enabled=&#8220;on|hover&#8220; icon_color__hover=&#8220;#ea3900&#8243;][et_pb_social_media_follow_network social_network=&#8220;facebook&#8220; icon_color=&#8220;#ffffff&#8220; _builder_version=&#8220;4.16&#8243; _module_preset=&#8220;default&#8220; background_enable_color=&#8220;off&#8220; global_colors_info=&#8220;{}&#8220; follow_button=&#8220;off&#8220; url_new_window=&#8220;on&#8220;]facebook[\/et_pb_social_media_follow_network][et_pb_social_media_follow_network social_network=&#8220;instagram&#8220; icon_color=&#8220;#FFFFFF&#8220; _builder_version=&#8220;4.16&#8243; _module_preset=&#8220;default&#8220; background_color=&#8220;RGBA(0,0,0,0)&#8220; background_enable_color=&#8220;on&#8220; global_colors_info=&#8220;{}&#8220; follow_button=&#8220;off&#8220; url_new_window=&#8220;on&#8220;]instagram[\/et_pb_social_media_follow_network][\/et_pb_social_media_follow][\/et_pb_column][et_pb_column type=&#8220;1_3&#8243; _builder_version=&#8220;4.16&#8243; _module_preset=&#8220;default&#8220; global_colors_info=&#8220;{}&#8220;][et_pb_text _builder_version=&#8220;4.16&#8243; _module_preset=&#8220;default&#8220; header_4_font=&#8220;Oswald|||on|||||&#8220; header_4_font_size=&#8220;22px&#8220; header_4_letter_spacing=&#8220;4px&#8220; header_4_line_height=&#8220;1.6em&#8220; background_layout=&#8220;dark&#8220; custom_margin=&#8220;||||false|false&#8220; header_4_font_size_tablet=&#8220;20px&#8220; header_4_font_size_phone=&#8220;16px&#8220; header_4_font_size_last_edited=&#8220;on|phone&#8220; border_color_all=&#8220;#f3fa02&#8243; border_width_bottom=&#8220;5px&#8220; locked=&#8220;off&#8220; global_colors_info=&#8220;{}&#8220; custom_margin__hover_enabled=&#8220;off|desktop&#8220;]<\/p>\n<h4>Privatkunden<\/h4>\n<p>[\/et_pb_text][et_pb_text _builder_version=&#8220;4.18.0&#8243; _module_preset=&#8220;default&#8220; text_font=&#8220;|600|||||||&#8220; text_line_height=&#8220;2em&#8220; link_text_color=&#8220;#ffffff&#8220; background_layout=&#8220;dark&#8220; hover_enabled=&#8220;0&#8243; text_font_size_tablet=&#8220;&#8220; text_font_size_phone=&#8220;14px&#8220; text_font_size_last_edited=&#8220;on|phone&#8220; global_colors_info=&#8220;{}&#8220; link_text_color__hover_enabled=&#8220;on|desktop&#8220; link_text_color__hover=&#8220;#ea3900&#8243; sticky_enabled=&#8220;0&#8243;]<\/p>\n<p><a href=\"https:\/\/www.elektro-leichtweiss.de\/index.php\/leistungen\/smart-home\/\">Smart Home<\/a><\/p>\n<p><a href=\"https:\/\/www.elektro-leichtweiss.de\/index.php\/leistungen\/elektrotechnik\/\">Elektroinstallation<\/a><\/p>\n<p>Ladestationen f\u00fcr E-Autos<\/p>\n<p><a href=\"https:\/\/www.elektro-leichtweiss.de\/index.php\/leistungen\/photovoltaik\/\">Photovoltaik<\/a><\/p>\n<p><a href=\"https:\/\/www.elektro-leichtweiss.de\/index.php\/leistungen\/netzwerktechnik\/\">Netzwerktechnik<\/a><\/p>\n<p>[\/et_pb_text][\/et_pb_column][et_pb_column type=&#8220;1_3&#8243; _builder_version=&#8220;4.16&#8243; _module_preset=&#8220;default&#8220; global_colors_info=&#8220;{}&#8220;][et_pb_text _builder_version=&#8220;4.16&#8243; _module_preset=&#8220;default&#8220; header_4_font=&#8220;Oswald|||on|||||&#8220; header_4_font_size=&#8220;22px&#8220; header_4_letter_spacing=&#8220;4px&#8220; header_4_line_height=&#8220;1.6em&#8220; background_layout=&#8220;dark&#8220; custom_margin=&#8220;||||false|false&#8220; header_4_font_size_tablet=&#8220;20px&#8220; header_4_font_size_phone=&#8220;16px&#8220; header_4_font_size_last_edited=&#8220;on|phone&#8220; border_color_all=&#8220;#f3fa02&#8243; border_width_bottom=&#8220;5px&#8220; locked=&#8220;off&#8220; global_colors_info=&#8220;{}&#8220; custom_margin__hover_enabled=&#8220;off|desktop&#8220;]<\/p>\n<h4>Gewerbe &amp; Industrie<\/h4>\n<p>[\/et_pb_text][et_pb_text _builder_version=&#8220;4.18.0&#8243; _module_preset=&#8220;default&#8220; text_font=&#8220;|600|||||||&#8220; text_line_height=&#8220;2em&#8220; link_text_color=&#8220;#ffffff&#8220; background_layout=&#8220;dark&#8220; text_font_size_tablet=&#8220;&#8220; text_font_size_phone=&#8220;14px&#8220; text_font_size_last_edited=&#8220;on|phone&#8220; locked=&#8220;off&#8220; global_colors_info=&#8220;{}&#8220; link_text_color__hover=&#8220;#ea3900&#8243; link_text_color__hover_enabled=&#8220;on|desktop&#8220;]<\/p>\n<p><a href=\"https:\/\/www.elektro-leichtweiss.de\/index.php\/leistungen\/elektrotechnik\/\">Industrieelektrik<\/a><\/p>\n<p>Schaltbauschrank<\/p>\n<p><a href=\"https:\/\/www.elektro-leichtweiss.de\/index.php\/leistungen\/netzwerktechnik\/\">Netzwerktechnik<\/a><\/p>\n<p>E-Mobilit\u00e4t<\/p>\n<p><a href=\"https:\/\/www.elektro-leichtweiss.de\/index.php\/leistungen\/smart-home\/\">Smart Office<\/a><\/p>\n<p><a href=\"https:\/\/www.elektro-leichtweiss.de\/index.php\/leistungen\/photovoltaik\/\">PV-Anlagen<\/a><\/p>\n<p>Ger\u00e4te\u00fcberpr\u00fcfung<\/p>\n<p>[\/et_pb_text][\/et_pb_column][\/et_pb_row][\/et_pb_section]<\/p>\n","protected":false},"excerpt":{"rendered":"<p>ElektrotechnikOhne Strom funktioniert nichts.Wir sind abh\u00e4ngig von Strom. Internet, Licht, K\u00fchlschrank, Toilettensp\u00fclung, Jalousie, Computer \u2013 dies sind nur einige Beispiele f\u00fcr Alltagsbegleiter, die Strom zum Betrieb ben\u00f6tigen. In der Industrie und im Gewerbe stehen ohne Strom Produktionsmaschinen und Computer still. Nichts geht mehr. Die Anforderungen an die Elektrotechnik steht h\u00e4ufig im Gegensatz zu den installierten [&hellip;]<\/p>\n","protected":false},"author":1,"featured_media":0,"parent":87,"menu_order":0,"comment_status":"closed","ping_status":"closed","template":"","meta":{"_et_pb_use_builder":"on","_et_pb_old_content":"","_et_gb_content_width":"","footnotes":""},"class_list":["post-305","page","type-page","status-publish","hentry"],"aioseo_notices":[],"_links":{"self":[{"href":"https:\/\/www.elektro-leichtweiss.de\/index.php\/wp-json\/wp\/v2\/pages\/305","targetHints":{"allow":["GET"]}}],"collection":[{"href":"https:\/\/www.elektro-leichtweiss.de\/index.php\/wp-json\/wp\/v2\/pages"}],"about":[{"href":"https:\/\/www.elektro-leichtweiss.de\/index.php\/wp-json\/wp\/v2\/types\/page"}],"author":[{"embeddable":true,"href":"https:\/\/www.elektro-leichtweiss.de\/index.php\/wp-json\/wp\/v2\/users\/1"}],"replies":[{"embeddable":true,"href":"https:\/\/www.elektro-leichtweiss.de\/index.php\/wp-json\/wp\/v2\/comments?post=305"}],"version-history":[{"count":10,"href":"https:\/\/www.elektro-leichtweiss.de\/index.php\/wp-json\/wp\/v2\/pages\/305\/revisions"}],"predecessor-version":[{"id":551,"href":"https:\/\/www.elektro-leichtweiss.de\/index.php\/wp-json\/wp\/v2\/pages\/305\/revisions\/551"}],"up":[{"embeddable":true,"href":"https:\/\/www.elektro-leichtweiss.de\/index.php\/wp-json\/wp\/v2\/pages\/87"}],"wp:attachment":[{"href":"https:\/\/www.elektro-leichtweiss.de\/index.php\/wp-json\/wp\/v2\/media?parent=305"}],"curies":[{"name":"wp","href":"https:\/\/api.w.org\/{rel}","templated":true}]}}