{"id":372,"date":"2022-08-08T08:58:30","date_gmt":"2022-08-08T08:58:30","guid":{"rendered":"https:\/\/www.elektro-leichtweiss.de\/?page_id=372"},"modified":"2023-03-13T11:08:32","modified_gmt":"2023-03-13T11:08:32","slug":"historie","status":"publish","type":"page","link":"https:\/\/www.elektro-leichtweiss.de\/index.php\/team-elektro-leichtweiss\/historie\/","title":{"rendered":"Historie"},"content":{"rendered":"<p>[et_pb_section fb_built=&#8220;1&#8243; admin_label=&#8220;Geschichte&#8220; _builder_version=&#8220;4.16&#8243; _module_preset=&#8220;default&#8220; global_colors_info=&#8220;{}&#8220;][et_pb_row _builder_version=&#8220;4.17.6&#8243; _module_preset=&#8220;default&#8220; global_colors_info=&#8220;{}&#8220;][et_pb_column type=&#8220;4_4&#8243; _builder_version=&#8220;4.16&#8243; _module_preset=&#8220;default&#8220; global_colors_info=&#8220;{}&#8220;][et_pb_text _builder_version=&#8220;4.17.6&#8243; _module_preset=&#8220;default&#8220; header_2_font=&#8220;Oswald||||||||&#8220; header_2_font_size=&#8220;80px&#8220; custom_margin=&#8220;||10px||false|false&#8220; header_2_font_size_tablet=&#8220;42px&#8220; header_2_font_size_phone=&#8220;30px&#8220; header_2_font_size_last_edited=&#8220;on|phone&#8220; header_2_line_height_tablet=&#8220;1.2em&#8220; header_2_line_height_phone=&#8220;&#8220; header_2_line_height_last_edited=&#8220;on|tablet&#8220; global_colors_info=&#8220;{}&#8220;]<\/p>\n<h2>Geschichte<\/h2>\n<p>[\/et_pb_text][et_pb_text _builder_version=&#8220;4.17.6&#8243; _module_preset=&#8220;default&#8220; header_2_font=&#8220;Bebas Neue||||||||&#8220; header_2_font_size=&#8220;80px&#8220; header_3_font=&#8220;Oswald|||on|||||&#8220; header_3_text_color=&#8220;#000000&#8243; header_3_font_size=&#8220;32px&#8220; custom_margin=&#8220;||10px||false|false&#8220; header_2_font_size_tablet=&#8220;42px&#8220; header_2_font_size_phone=&#8220;30px&#8220; header_2_font_size_last_edited=&#8220;on|phone&#8220; header_2_line_height_tablet=&#8220;1.2em&#8220; header_2_line_height_phone=&#8220;&#8220; header_2_line_height_last_edited=&#8220;on|tablet&#8220; global_colors_info=&#8220;{}&#8220;]<\/p>\n<h3>Von den 90ern bis heute<\/h3>\n<p>[\/et_pb_text][et_pb_divider color=&#8220;#f3fa02&#8243; divider_weight=&#8220;11px&#8220; _builder_version=&#8220;4.16&#8243; _module_preset=&#8220;default&#8220; width=&#8220;25%&#8220; module_alignment=&#8220;left&#8220; global_colors_info=&#8220;{}&#8220;][\/et_pb_divider][\/et_pb_column][\/et_pb_row][et_pb_row _builder_version=&#8220;4.16&#8243; _module_preset=&#8220;default&#8220; global_colors_info=&#8220;{}&#8220;][et_pb_column type=&#8220;4_4&#8243; _builder_version=&#8220;4.16&#8243; _module_preset=&#8220;default&#8220; global_colors_info=&#8220;{}&#8220;][dsm_content_timeline dsm_bg_color=&#8220;#FFFFFF&#8220; dsm_pointer_bg_color=&#8220;#000000&#8243; dsm_tree_bg_color=&#8220;#000000&#8243; dsm_image_width=&#8220;53%&#8220; _builder_version=&#8220;4.17.6&#8243; _module_preset=&#8220;default&#8220; custom_button=&#8220;on&#8220; button_text_color=&#8220;#000000&#8243; global_colors_info=&#8220;{}&#8220;][dsm_content_timeline_child dsm_image=&#8220;https:\/\/www.elektro-leichtweiss.de\/wp-content\/uploads\/2022\/08\/Gruendung-Leichtweiss.jpg&#8220; dsm_title=&#8220;01.07.1999&#8243; dsm_content=&#8220;<\/p>\n<div dir=%22auto%22>\n<p>Firmengr\u00fcndung durch Michael Leichtwei\u00df<br \/>Elektro Leichtweiss als Einzelfirma<\/p>\n<p>Frau Leichtwei\u00df \u00fcbernimmt die kaufm\u00e4nnische Leitung<\/p>\n<p>Firmenstandort: Elkenbrede Weg 84, 32105 Bad Salzuflen<\/p>\n<p>Hauptgesch\u00e4ftszweig liegt in der Industrie mit der Spezialisierung auf Schaltschrank- und Anlagenbau, Wartung + Reparatur von gro\u00dfen Industrieanlagen<\/p>\n<p>&#8211; Planung + Ausf\u00fchrung gro\u00dfer Industriehallen<\/p>\n<p>&#8211; Sondermaschinenbau \u2013 Planung und Konstruktion einer Trocknungsanlage und eines Tassenautomats<\/p>\n<p>&#8211; Planung und Ausf\u00fchrung s\u00e4mtliche Arbeiten im Neubau, KNX<\/p>\n<p>&#8211; Hausinstallation<\/p>\n<\/div>\n<p>&#8220; dsm_use_pointer_element=&#8220;on&#8220; _builder_version=&#8220;4.17.6&#8243; _module_preset=&#8220;default&#8220; content_font_size=&#8220;16px&#8220; background_color=&#8220;#FFFFFF&#8220; background_enable_color=&#8220;on&#8220; global_colors_info=&#8220;{}&#8220;][\/dsm_content_timeline_child][dsm_content_timeline_child dsm_image=&#8220;https:\/\/www.elektro-leichtweiss.de\/wp-content\/uploads\/2022\/08\/Presseartikel.jpg&#8220; dsm_title=&#8220;1999&#8243; dsm_content=&#8220;<\/p>\n<p>Presseartikel \u00fcber die Gr\u00fcndung der Firma<\/p>\n<p>&#8220; dsm_use_pointer_element=&#8220;on&#8220; _builder_version=&#8220;4.17.6&#8243; _module_preset=&#8220;default&#8220; content_font_size=&#8220;16px&#8220; background_color=&#8220;#FFFFFF&#8220; background_enable_color=&#8220;on&#8220; global_colors_info=&#8220;{}&#8220;][\/dsm_content_timeline_child][dsm_content_timeline_child dsm_title=&#8220;01.08.2008&#8243; dsm_content=&#8220;<\/p>\n<div>Umzug der Firma in die Hans-B\u00f6ckler-Stra\u00dfe 2A, 32107 Bad Salzuflen<\/div>\n<div dir=%22auto%22>Umwandlung der Firma in eine GmbH &#038; Co. KG<\/div>\n<p>&#8220; dsm_use_pointer_element=&#8220;on&#8220; _builder_version=&#8220;4.17.6&#8243; _module_preset=&#8220;default&#8220; content_font_size=&#8220;16px&#8220; background_color=&#8220;#FFFFFF&#8220; background_enable_color=&#8220;on&#8220; global_colors_info=&#8220;{}&#8220;][\/dsm_content_timeline_child][dsm_content_timeline_child dsm_image=&#8220;https:\/\/www.elektro-leichtweiss.de\/wp-content\/uploads\/2022\/07\/Alexander-Mitzich.jpg&#8220; dsm_title=&#8220; Oktober 2020&#8243; dsm_content=&#8220;<\/p>\n<p>\u00dcbernahme durch Alexander Mitzich<\/p>\n<p>\u00a0<\/p>\n<p>\u00a0<\/p>\n<p>&#8220; dsm_use_pointer_element=&#8220;on&#8220; _builder_version=&#8220;4.17.6&#8243; _module_preset=&#8220;default&#8220; content_font_size=&#8220;16px&#8220; background_color=&#8220;#FFFFFF&#8220; background_enable_color=&#8220;on&#8220; global_colors_info=&#8220;{}&#8220;]<\/p>\n<p>\u00a0\u00dcbernahme durch Alexander Mitzich<\/p>\n<p>&nbsp;<\/p>\n<p>&nbsp;<\/p>\n<p>[\/dsm_content_timeline_child][\/dsm_content_timeline][\/et_pb_column][\/et_pb_row][\/et_pb_section][et_pb_section fb_built=&#8220;1&#8243; admin_label=&#8220;Call Footer Adresszeile Action&#8220; _builder_version=&#8220;4.8.2&#8243; _module_preset=&#8220;default&#8220; background_color=&#8220;#f3fa02&#8243; background_enable_color=&#8220;off&#8220; background_color_gradient_direction=&#8220;90deg&#8220; background_enable_image=&#8220;off&#8220; custom_margin=&#8220;0px||||false|false&#8220; custom_padding=&#8220;0px||0px||true|false&#8220; global_module=&#8220;74&#8243; saved_tabs=&#8220;all&#8220; global_colors_info=&#8220;{}&#8220;][et_pb_row column_structure=&#8220;2_5,3_5&#8243; custom_padding_last_edited=&#8220;on|phone&#8220; _builder_version=&#8220;4.16&#8243; _module_preset=&#8220;default&#8220; background_color=&#8220;#FFFFFF&#8220; custom_margin=&#8220;-18px|auto|24px|auto||&#8220; custom_padding=&#8220;60px||0px|50px|false|false&#8220; custom_padding_tablet=&#8220;30px|30px|30px|30px|true|true&#8220; custom_padding_phone=&#8220;|20px||20px|true|true&#8220; border_color_all=&#8220;#FFFFFF&#8220; box_shadow_style=&#8220;preset4&#8243; box_shadow_horizontal=&#8220;30vw&#8220; box_shadow_vertical=&#8220;0px&#8220; box_shadow_color=&#8220;#FFFFFF&#8220; global_colors_info=&#8220;{}&#8220;][et_pb_column type=&#8220;2_5&#8243; _builder_version=&#8220;4.16&#8243; _module_preset=&#8220;default&#8220; global_colors_info=&#8220;{}&#8220;][et_pb_image src=&#8220;https:\/\/www.elektro-leichtweiss.de\/wp-content\/uploads\/2021\/02\/cropped-Elektro-Leichtweiss.png&#8220; title_text=&#8220;cropped-Elektro-Leichtweiss.png&#8220; _builder_version=&#8220;4.19.1&#8243; _module_preset=&#8220;default&#8220; custom_padding=&#8220;||0px|||&#8220; global_colors_info=&#8220;{}&#8220;][\/et_pb_image][\/et_pb_column][et_pb_column type=&#8220;3_5&#8243; _builder_version=&#8220;4.16&#8243; _module_preset=&#8220;default&#8220; global_colors_info=&#8220;{}&#8220;][et_pb_text _builder_version=&#8220;4.17.6&#8243; _module_preset=&#8220;default&#8220; header_2_font=&#8220;Oswald||||||||&#8220; header_2_text_color=&#8220;#000000&#8243; header_2_font_size=&#8220;55px&#8220; background_layout=&#8220;dark&#8220; max_width=&#8220;620px&#8220; custom_margin=&#8220;||1px|||&#8220; header_2_font_size_tablet=&#8220;42px&#8220; header_2_font_size_phone=&#8220;30px&#8220; header_2_font_size_last_edited=&#8220;on|phone&#8220; header_2_line_height_tablet=&#8220;1.2em&#8220; header_2_line_height_phone=&#8220;&#8220; header_2_line_height_last_edited=&#8220;on|tablet&#8220; global_colors_info=&#8220;{}&#8220;]<\/p>\n<h2>Elektro Leichtweiss<\/h2>\n<p>[\/et_pb_text][et_pb_text _builder_version=&#8220;4.16&#8243; _module_preset=&#8220;default&#8220; header_2_font=&#8220;Oswald||||||||&#8220; header_2_text_color=&#8220;#000000&#8243; header_2_font_size=&#8220;55px&#8220; header_3_font=&#8220;Oswald||||||||&#8220; header_3_text_align=&#8220;left&#8220; header_3_text_color=&#8220;#000000&#8243; background_layout=&#8220;dark&#8220; max_width=&#8220;620px&#8220; header_2_font_size_tablet=&#8220;42px&#8220; header_2_font_size_phone=&#8220;30px&#8220; header_2_font_size_last_edited=&#8220;on|phone&#8220; header_2_line_height_tablet=&#8220;1.2em&#8220; header_2_line_height_phone=&#8220;&#8220; header_2_line_height_last_edited=&#8220;on|tablet&#8220; global_colors_info=&#8220;{}&#8220;]<\/p>\n<h3>GmbH &amp; Co. KG<\/h3>\n<p>[\/et_pb_text][et_pb_text _builder_version=&#8220;4.16&#8243; _module_preset=&#8220;default&#8220; header_2_font=&#8220;Oswald||||||||&#8220; header_2_text_color=&#8220;#000000&#8243; header_2_font_size=&#8220;55px&#8220; header_3_font=&#8220;Oswald||||||||&#8220; header_3_text_align=&#8220;left&#8220; header_3_text_color=&#8220;#000000&#8243; header_4_font=&#8220;Oswald||||||||&#8220; header_4_text_color=&#8220;#000000&#8243; header_4_line_height=&#8220;1.6em&#8220; background_layout=&#8220;dark&#8220; max_width=&#8220;620px&#8220; header_2_font_size_tablet=&#8220;42px&#8220; header_2_font_size_phone=&#8220;30px&#8220; header_2_font_size_last_edited=&#8220;on|phone&#8220; header_2_line_height_tablet=&#8220;1.2em&#8220; header_2_line_height_phone=&#8220;&#8220; header_2_line_height_last_edited=&#8220;on|tablet&#8220; global_colors_info=&#8220;{}&#8220;]<\/p>\n<h4><span xml:lang=\"de-de\" lang=\"de-de\">Geschaftsf\u00fchrer: Alexander Mitzich<\/span><span xml:lang=\"de\" lang=\"de\"><\/span><span xml:lang=\"de-de\" lang=\"de-de\"><br \/><\/span><span xml:lang=\"de\" lang=\"de\"><\/span><span xml:lang=\"de\" lang=\"de\"><\/span><span xml:lang=\"de\" lang=\"de\"><\/span><span xml:lang=\"de-de\" lang=\"de-de\">Hans-B\u00f6ckler-Stra\u00dfe 2A<\/span><span xml:lang=\"de-de\" lang=\"de-de\"><br \/><\/span><span xml:lang=\"de\" lang=\"de\"><\/span><span xml:lang=\"de\" lang=\"de\"><\/span><span xml:lang=\"de\" lang=\"de\"><\/span><span xml:lang=\"de-de\" lang=\"de-de\">32107 Bad Salzuflen<\/span><\/h4>\n<p>[\/et_pb_text][\/et_pb_column][\/et_pb_row][\/et_pb_section][et_pb_section fb_built=&#8220;1&#8243; admin_label=&#8220;Footer Kontaktzeile&#8220; _builder_version=&#8220;4.6.3&#8243; _module_preset=&#8220;default&#8220; background_color=&#8220;#000000&#8243; custom_margin=&#8220;-31px|||||&#8220; custom_padding=&#8220;49px|||||&#8220; global_module=&#8220;72&#8243; saved_tabs=&#8220;all&#8220; global_colors_info=&#8220;{}&#8220;][et_pb_row column_structure=&#8220;1_3,1_3,1_3&#8243; _builder_version=&#8220;4.16&#8243; _module_preset=&#8220;default&#8220; global_colors_info=&#8220;{}&#8220;][et_pb_column type=&#8220;1_3&#8243; _builder_version=&#8220;4.16&#8243; _module_preset=&#8220;default&#8220; global_colors_info=&#8220;{}&#8220;][et_pb_text _builder_version=&#8220;4.16&#8243; _module_preset=&#8220;default&#8220; text_font=&#8220;Oswald||||||||&#8220; text_text_color=&#8220;#f3fa02&#8243; text_font_size=&#8220;25px&#8220; text_letter_spacing=&#8220;0.05em&#8220; text_line_height=&#8220;1.2em&#8220; link_text_color=&#8220;#ffffff&#8220; header_3_font=&#8220;Oswald|||on|||||&#8220; header_3_text_color=&#8220;rgba(255,255,255,0.48)&#8220; text_font_size_tablet=&#8220;30px&#8220; text_font_size_phone=&#8220;22px&#8220; text_font_size_last_edited=&#8220;on|tablet&#8220; global_colors_info=&#8220;{}&#8220;]<\/p>\n<h3>Telefon<\/h3>\n<p><a href=\"#\">05222 366 510 <\/a><\/p>\n<p>[\/et_pb_text][et_pb_text _builder_version=&#8220;4.16&#8243; _module_preset=&#8220;default&#8220; text_font=&#8220;Oswald||||||||&#8220; text_text_color=&#8220;#f3fa02&#8243; text_font_size=&#8220;40px&#8220; text_letter_spacing=&#8220;0.05em&#8220; text_line_height=&#8220;1.2em&#8220; link_text_color=&#8220;#ea3900&#8243; header_font=&#8220;Oswald||||||||&#8220; header_3_font=&#8220;Oswald|||on|||||&#8220; header_3_text_color=&#8220;rgba(255,255,255,0.48)&#8220; text_font_size_tablet=&#8220;30px&#8220; text_font_size_phone=&#8220;22px&#8220; text_font_size_last_edited=&#8220;on|tablet&#8220; global_colors_info=&#8220;{}&#8220;]<\/p>\n<h3>E-Mail<\/h3>\n<p>info(at)elektro-leichtweiss.de<\/p>\n<p>[\/et_pb_text][et_pb_social_media_follow _builder_version=&#8220;4.20.0&#8243; _module_preset=&#8220;default&#8220; global_colors_info=&#8220;{}&#8220; body_font_size_tablet=&#8220;20px&#8220; body_font_size_phone=&#8220;16px&#8220; body_font_size_last_edited=&#8220;on|phone&#8220; icon_color__hover_enabled=&#8220;on|hover&#8220; icon_color__hover=&#8220;#ea3900&#8243;][et_pb_social_media_follow_network social_network=&#8220;facebook&#8220; url=&#8220;https:\/\/www.facebook.com\/profile.php?id=100088266125123&#8243; icon_color=&#8220;#ffffff&#8220; _builder_version=&#8220;4.20.0&#8243; _module_preset=&#8220;default&#8220; background_enable_color=&#8220;off&#8220; global_colors_info=&#8220;{}&#8220; follow_button=&#8220;off&#8220; url_new_window=&#8220;on&#8220;]facebook[\/et_pb_social_media_follow_network][et_pb_social_media_follow_network social_network=&#8220;instagram&#8220; icon_color=&#8220;#FFFFFF&#8220; _builder_version=&#8220;4.16&#8243; _module_preset=&#8220;default&#8220; background_color=&#8220;RGBA(0,0,0,0)&#8220; background_enable_color=&#8220;on&#8220; global_colors_info=&#8220;{}&#8220; follow_button=&#8220;off&#8220; url_new_window=&#8220;on&#8220;]instagram[\/et_pb_social_media_follow_network][\/et_pb_social_media_follow][\/et_pb_column][et_pb_column type=&#8220;1_3&#8243; _builder_version=&#8220;4.16&#8243; _module_preset=&#8220;default&#8220; global_colors_info=&#8220;{}&#8220;][et_pb_text _builder_version=&#8220;4.16&#8243; _module_preset=&#8220;default&#8220; header_4_font=&#8220;Oswald|||on|||||&#8220; header_4_font_size=&#8220;22px&#8220; header_4_letter_spacing=&#8220;4px&#8220; header_4_line_height=&#8220;1.6em&#8220; background_layout=&#8220;dark&#8220; custom_margin=&#8220;||||false|false&#8220; header_4_font_size_tablet=&#8220;20px&#8220; header_4_font_size_phone=&#8220;16px&#8220; header_4_font_size_last_edited=&#8220;on|phone&#8220; border_color_all=&#8220;#f3fa02&#8243; border_width_bottom=&#8220;5px&#8220; locked=&#8220;off&#8220; global_colors_info=&#8220;{}&#8220; custom_margin__hover_enabled=&#8220;off|desktop&#8220;]<\/p>\n<h4>Privatkunden<\/h4>\n<p>[\/et_pb_text][et_pb_text module_class=&#8220;hyperlink-color&#8220; _builder_version=&#8220;4.18.0&#8243; _module_preset=&#8220;default&#8220; text_font=&#8220;Oswald|600|||||||&#8220; text_line_height=&#8220;2em&#8220; link_text_color=&#8220;#ffffff&#8220; background_layout=&#8220;dark&#8220; text_font_size_tablet=&#8220;&#8220; text_font_size_phone=&#8220;14px&#8220; text_font_size_last_edited=&#8220;on|phone&#8220; custom_css_after=&#8220;||\/* hyperlink color *\/||.hyperlink-color a {||color: #fff;||}||.hyperlink-color a:hover {||color: #f3fa02;||}&#8220; global_colors_info=&#8220;{}&#8220; link_text_color__hover_enabled=&#8220;on|desktop&#8220; link_text_color__hover=&#8220;#ea3900&#8243; text_text_color__hover_enabled=&#8220;on|hover&#8220; text_text_color__hover=&#8220;#FFFFFF&#8220;]<\/p>\n<p><a href=\"https:\/\/www.elektro-leichtweiss.de\/index.php\/leistungen\/smart-home\/\">Smart Home<\/a><\/p>\n<p><a href=\"https:\/\/www.elektro-leichtweiss.de\/index.php\/leistungen\/elektrotechnik\/\">Elektroinstallation<\/a><\/p>\n<p>Ladestationen f\u00fcr E-Autos<\/p>\n<p><a href=\"https:\/\/www.elektro-leichtweiss.de\/index.php\/leistungen\/photovoltaik\/\">Photovoltaik<\/a><\/p>\n<p><a href=\"https:\/\/www.elektro-leichtweiss.de\/index.php\/leistungen\/netzwerktechnik\/\">Netzwerktechnik<\/a><\/p>\n<p>[\/et_pb_text][\/et_pb_column][et_pb_column type=&#8220;1_3&#8243; _builder_version=&#8220;4.16&#8243; _module_preset=&#8220;default&#8220; global_colors_info=&#8220;{}&#8220;][et_pb_text _builder_version=&#8220;4.16&#8243; _module_preset=&#8220;default&#8220; header_4_font=&#8220;Oswald|||on|||||&#8220; header_4_font_size=&#8220;22px&#8220; header_4_letter_spacing=&#8220;4px&#8220; header_4_line_height=&#8220;1.6em&#8220; background_layout=&#8220;dark&#8220; custom_margin=&#8220;||||false|false&#8220; header_4_font_size_tablet=&#8220;20px&#8220; header_4_font_size_phone=&#8220;16px&#8220; header_4_font_size_last_edited=&#8220;on|phone&#8220; border_color_all=&#8220;#f3fa02&#8243; border_width_bottom=&#8220;5px&#8220; locked=&#8220;off&#8220; global_colors_info=&#8220;{}&#8220; custom_margin__hover_enabled=&#8220;off|desktop&#8220;]<\/p>\n<h4>Gewerbe &amp; Industrie<\/h4>\n<p>[\/et_pb_text][et_pb_text module_class=&#8220;hyperlink-color&#8220; _builder_version=&#8220;4.18.0&#8243; _module_preset=&#8220;default&#8220; text_font=&#8220;|600|||||||&#8220; text_line_height=&#8220;2em&#8220; link_text_color=&#8220;#ffffff&#8220; background_layout=&#8220;dark&#8220; text_font_size_tablet=&#8220;&#8220; text_font_size_phone=&#8220;14px&#8220; text_font_size_last_edited=&#8220;on|phone&#8220; custom_css_after=&#8220;||\/* hyperlink color *\/||.hyperlink-color a {||color: #fff;||}||.hyperlink-color a:hover {||color: #f3fa02;||}&#8220; locked=&#8220;off&#8220; global_colors_info=&#8220;{}&#8220; link_text_color__hover=&#8220;#ea3900&#8243; link_text_color__hover_enabled=&#8220;on|desktop&#8220; text_text_color__hover_enabled=&#8220;on|hover&#8220; text_text_color__hover=&#8220;#FFFFFF&#8220;]<\/p>\n<p><a href=\"https:\/\/www.elektro-leichtweiss.de\/index.php\/leistungen\/elektrotechnik\/\">Industrieelektrik<\/a><\/p>\n<p>Schaltbauschrank<\/p>\n<p><a href=\"https:\/\/www.elektro-leichtweiss.de\/index.php\/leistungen\/netzwerktechnik\/\">Netzwerktechnik<\/a><\/p>\n<p>E-Mobilit\u00e4t<\/p>\n<p><a href=\"https:\/\/www.elektro-leichtweiss.de\/index.php\/leistungen\/smart-home\/\">Smart Office<\/a><\/p>\n<p><a href=\"https:\/\/www.elektro-leichtweiss.de\/index.php\/leistungen\/photovoltaik\/\">PV-Anlagen<\/a><\/p>\n<p>Ger\u00e4te\u00fcberpr\u00fcfung<\/p>\n<p>[\/et_pb_text][\/et_pb_column][\/et_pb_row][\/et_pb_section]<\/p>\n","protected":false},"excerpt":{"rendered":"<p>GeschichteVon den 90ern bis heute<div class=\"et_pb_module dsm_content_timeline dsm_content_timeline_0\">\n\t\t\t\t\n\t\t\t\t\n\t\t\t\t\n\t\t\t\t\n\t\t\t\t\n\t\t\t\t\n\t\t\t\t<div class=\"et_pb_module_inner\">\n\t\t\t\t\t<div class=\"dsm-content-timeline-items-wrapper dsm-center\" data-tree-animation=\"off\" data-tree-animation-tablet=\"\" data-tree-animation-phone=\"\">\n\t\t   <div class=\"dsm-content-timeline-tree\">\n\t\t       \n\t\t   <\/div>\n\t\t   \n\t\t<\/div>\n\t\t\n\t\t\t\t<\/div>\n\t\t\t<\/div><div class=\"dsm-content-timeline-item-wrapper dsm_content_timeline_child_0\">\n\t\t\t\t\n\t\t\t\t<div class=\"dsm-content-timeline-content-wrapper dsm_wrapper_dsm_content_timeline_child_0 dsm-visibility\">   \t\t\n\t\t\t\t\t\n\t\t\t\t\t<div class=\"dsm-image-wrapper\"><div class=\"dsm-image\"><img decoding=\"async\" src=\"&#8220;https:\/\/www.elektro-leichtweiss.de\/wp-content\/uploads\/2022\/08\/Gruendung-Leichtweiss.jpg&#8220;\"\/><\/div><\/div>\n\t\t\t\t\t\n\t\t\t\t\t<div class=\"dsm-timeline-content\">\n\t\t\t\t\t\t<h4 class=\"dsm-title\">&#8220;01.07.1999&#8243;<\/h4>\n\t\t\t\t\t\t<div class=\"dsm-description\">&#8220;<\/div>\n\t\t\t\t\t\t\n\t\t\t\t\t\t\n\t\t\t\t\t<\/div>\t\n\t\t\t\t<\/div>\n\t\t\t\t<div class=\"dsm-pointer-wrapper\">\n\t\t\t\t\t\n\t\t\t\t\t\n\t\t\t\t<\/div>\n\t\t\t<\/div><\/p>\n","protected":false},"author":1,"featured_media":0,"parent":125,"menu_order":0,"comment_status":"closed","ping_status":"closed","template":"","meta":{"_et_pb_use_builder":"on","_et_pb_old_content":"","_et_gb_content_width":"","footnotes":""},"class_list":["post-372","page","type-page","status-publish","hentry"],"aioseo_notices":[],"_links":{"self":[{"href":"https:\/\/www.elektro-leichtweiss.de\/index.php\/wp-json\/wp\/v2\/pages\/372","targetHints":{"allow":["GET"]}}],"collection":[{"href":"https:\/\/www.elektro-leichtweiss.de\/index.php\/wp-json\/wp\/v2\/pages"}],"about":[{"href":"https:\/\/www.elektro-leichtweiss.de\/index.php\/wp-json\/wp\/v2\/types\/page"}],"author":[{"embeddable":true,"href":"https:\/\/www.elektro-leichtweiss.de\/index.php\/wp-json\/wp\/v2\/users\/1"}],"replies":[{"embeddable":true,"href":"https:\/\/www.elektro-leichtweiss.de\/index.php\/wp-json\/wp\/v2\/comments?post=372"}],"version-history":[{"count":10,"href":"https:\/\/www.elektro-leichtweiss.de\/index.php\/wp-json\/wp\/v2\/pages\/372\/revisions"}],"predecessor-version":[{"id":696,"href":"https:\/\/www.elektro-leichtweiss.de\/index.php\/wp-json\/wp\/v2\/pages\/372\/revisions\/696"}],"up":[{"embeddable":true,"href":"https:\/\/www.elektro-leichtweiss.de\/index.php\/wp-json\/wp\/v2\/pages\/125"}],"wp:attachment":[{"href":"https:\/\/www.elektro-leichtweiss.de\/index.php\/wp-json\/wp\/v2\/media?parent=372"}],"curies":[{"name":"wp","href":"https:\/\/api.w.org\/{rel}","templated":true}]}}